{"id":10,"date":"2022-09-29T14:13:44","date_gmt":"2022-09-29T14:13:44","guid":{"rendered":"https:\/\/bigbooks.de\/?page_id=10"},"modified":"2022-10-06T12:44:16","modified_gmt":"2022-10-06T12:44:16","slug":"home","status":"publish","type":"page","link":"https:\/\/bigbooks.de\/","title":{"rendered":"Home"},"content":{"rendered":"\t\t<div data-elementor-type=\"wp-page\" data-elementor-id=\"10\" class=\"elementor elementor-10\">\n\t\t\t\t\t\t\t\t\t<section class=\"elementor-section elementor-top-section elementor-element elementor-element-30d0bb11 elementor-section-full_width elementor-section-height-full elementor-hidden-mobile elementor-section-height-default elementor-section-items-middle\" data-id=\"30d0bb11\" data-element_type=\"section\" data-settings=\"{&quot;background_background&quot;:&quot;classic&quot;}\">\n\t\t\t\t\t\t<div class=\"elementor-container elementor-column-gap-default\">\n\t\t\t\t\t<div class=\"elementor-column elementor-col-50 elementor-top-column elementor-element elementor-element-7ea3db7e elementor-hidden-mobile\" data-id=\"7ea3db7e\" data-element_type=\"column\" data-settings=\"{&quot;background_background&quot;:&quot;classic&quot;}\">\n\t\t\t<div class=\"elementor-widget-wrap\">\n\t\t\t\t\t\t\t\t\t<\/div>\n\t\t<\/div>\n\t\t\t\t<div class=\"elementor-column elementor-col-50 elementor-top-column elementor-element elementor-element-42be96d elementor-hidden-mobile\" data-id=\"42be96d\" data-element_type=\"column\" data-settings=\"{&quot;background_background&quot;:&quot;classic&quot;}\">\n\t\t\t<div class=\"elementor-widget-wrap elementor-element-populated\">\n\t\t\t\t\t\t\t\t<div class=\"elementor-element elementor-element-f04e676 elementor-widget elementor-widget-image\" data-id=\"f04e676\" data-element_type=\"widget\" data-widget_type=\"image.default\">\n\t\t\t\t<div class=\"elementor-widget-container\">\n\t\t\t<style>\/*! elementor - v3.7.7 - 20-09-2022 *\/\n.elementor-widget-image{text-align:center}.elementor-widget-image a{display:inline-block}.elementor-widget-image a img[src$=\".svg\"]{width:48px}.elementor-widget-image img{vertical-align:middle;display:inline-block}<\/style>\t\t\t\t\t\t\t\t\t\t\t\t<img loading=\"lazy\" decoding=\"async\" width=\"1024\" height=\"332\" src=\"https:\/\/bigbooks.de\/wp-content\/uploads\/2022\/09\/cropped-logo_final.gruen_-1024x332.png\" class=\"attachment-large size-large\" alt=\"\" srcset=\"https:\/\/bigbooks.de\/wp-content\/uploads\/2022\/09\/cropped-logo_final.gruen_-1024x332.png 1024w, https:\/\/bigbooks.de\/wp-content\/uploads\/2022\/09\/cropped-logo_final.gruen_-300x97.png 300w, https:\/\/bigbooks.de\/wp-content\/uploads\/2022\/09\/cropped-logo_final.gruen_-768x249.png 768w, https:\/\/bigbooks.de\/wp-content\/uploads\/2022\/09\/cropped-logo_final.gruen_-1536x497.png 1536w, https:\/\/bigbooks.de\/wp-content\/uploads\/2022\/09\/cropped-logo_final.gruen_.png 1757w\" sizes=\"auto, (max-width: 1024px) 100vw, 1024px\" \/>\t\t\t\t\t\t\t\t\t\t\t\t\t\t\t<\/div>\n\t\t\t\t<\/div>\n\t\t\t\t<div class=\"elementor-element elementor-element-13166d7 elementor-widget elementor-widget-heading\" data-id=\"13166d7\" data-element_type=\"widget\" data-widget_type=\"heading.default\">\n\t\t\t\t<div class=\"elementor-widget-container\">\n\t\t\t<style>\/*! elementor - v3.7.7 - 20-09-2022 *\/\n.elementor-heading-title{padding:0;margin:0;line-height:1}.elementor-widget-heading .elementor-heading-title[class*=elementor-size-]>a{color:inherit;font-size:inherit;line-height:inherit}.elementor-widget-heading .elementor-heading-title.elementor-size-small{font-size:15px}.elementor-widget-heading .elementor-heading-title.elementor-size-medium{font-size:19px}.elementor-widget-heading .elementor-heading-title.elementor-size-large{font-size:29px}.elementor-widget-heading .elementor-heading-title.elementor-size-xl{font-size:39px}.elementor-widget-heading .elementor-heading-title.elementor-size-xxl{font-size:59px}<\/style><h1 class=\"elementor-heading-title elementor-size-default\">Herzlich Willkommen bei BIGBOOKS<\/h1>\t\t<\/div>\n\t\t\t\t<\/div>\n\t\t\t\t<div class=\"elementor-element elementor-element-c08c5d2 elementor-widget elementor-widget-text-editor\" data-id=\"c08c5d2\" data-element_type=\"widget\" data-widget_type=\"text-editor.default\">\n\t\t\t\t<div class=\"elementor-widget-container\">\n\t\t\t<style>\/*! elementor - v3.7.7 - 20-09-2022 *\/\n.elementor-widget-text-editor.elementor-drop-cap-view-stacked .elementor-drop-cap{background-color:#818a91;color:#fff}.elementor-widget-text-editor.elementor-drop-cap-view-framed .elementor-drop-cap{color:#818a91;border:3px solid;background-color:transparent}.elementor-widget-text-editor:not(.elementor-drop-cap-view-default) .elementor-drop-cap{margin-top:8px}.elementor-widget-text-editor:not(.elementor-drop-cap-view-default) .elementor-drop-cap-letter{width:1em;height:1em}.elementor-widget-text-editor .elementor-drop-cap{float:left;text-align:center;line-height:1;font-size:50px}.elementor-widget-text-editor .elementor-drop-cap-letter{display:inline-block}<\/style>\t\t\t\tWir \u00fcberarbeiten derzeit unseren Kalendershop f\u00fcr Dich und freuen uns, wenn Du bald mal wieder vorbei schaust.\t\t\t\t\t\t<\/div>\n\t\t\t\t<\/div>\n\t\t\t\t<div class=\"elementor-element elementor-element-2897121 elementor-widget elementor-widget-text-editor\" data-id=\"2897121\" data-element_type=\"widget\" data-widget_type=\"text-editor.default\">\n\t\t\t\t<div class=\"elementor-widget-container\">\n\t\t\t\t\t\t\t<p>Wenn Du nicht so lange warten m\u00f6chtest und gleich einen neuen Kalender brauchst, kannst Du ihn <a href=\"https:\/\/www.ebay.de\/str\/tastingcenter\/Kalender-2023\/_i.html?store_cat=65419955013\" target=\"_blank\" rel=\"noopener\">hier<\/a> kaufen.<\/p>\t\t\t\t\t\t<\/div>\n\t\t\t\t<\/div>\n\t\t\t\t<div class=\"elementor-element elementor-element-dbd0f18 elementor-widget elementor-widget-text-editor\" data-id=\"dbd0f18\" data-element_type=\"widget\" data-widget_type=\"text-editor.default\">\n\t\t\t\t<div class=\"elementor-widget-container\">\n\t\t\t\t\t\t\tBis bald.\t\t\t\t\t\t<\/div>\n\t\t\t\t<\/div>\n\t\t\t\t<div class=\"elementor-element elementor-element-138c6b4 elementor-widget elementor-widget-image\" data-id=\"138c6b4\" data-element_type=\"widget\" data-widget_type=\"image.default\">\n\t\t\t\t<div class=\"elementor-widget-container\">\n\t\t\t\t\t\t\t\t\t\t\t\t\t\t\t<img loading=\"lazy\" decoding=\"async\" width=\"1024\" height=\"187\" src=\"https:\/\/bigbooks.de\/wp-content\/uploads\/2022\/09\/bigbooks-1024x187.png\" class=\"attachment-large size-large\" alt=\"\" srcset=\"https:\/\/bigbooks.de\/wp-content\/uploads\/2022\/09\/bigbooks-1024x187.png 1024w, https:\/\/bigbooks.de\/wp-content\/uploads\/2022\/09\/bigbooks-300x55.png 300w, https:\/\/bigbooks.de\/wp-content\/uploads\/2022\/09\/bigbooks-768x140.png 768w, https:\/\/bigbooks.de\/wp-content\/uploads\/2022\/09\/bigbooks.png 1209w\" sizes=\"auto, (max-width: 1024px) 100vw, 1024px\" \/>\t\t\t\t\t\t\t\t\t\t\t\t\t\t\t<\/div>\n\t\t\t\t<\/div>\n\t\t\t\t\t<\/div>\n\t\t<\/div>\n\t\t\t\t\t\t\t<\/div>\n\t\t<\/section>\n\t\t\t\t<section class=\"elementor-section elementor-top-section elementor-element elementor-element-b491302 elementor-section-height-min-height elementor-hidden-desktop elementor-hidden-tablet elementor-section-boxed elementor-section-height-default elementor-section-items-middle\" data-id=\"b491302\" data-element_type=\"section\" data-settings=\"{&quot;background_background&quot;:&quot;classic&quot;}\">\n\t\t\t\t\t\t<div class=\"elementor-container elementor-column-gap-default\">\n\t\t\t\t\t<div class=\"elementor-column elementor-col-100 elementor-top-column elementor-element elementor-element-c9e5e76\" data-id=\"c9e5e76\" data-element_type=\"column\">\n\t\t\t<div class=\"elementor-widget-wrap\">\n\t\t\t\t\t\t\t\t\t<\/div>\n\t\t<\/div>\n\t\t\t\t\t\t\t<\/div>\n\t\t<\/section>\n\t\t\t\t<section class=\"elementor-section elementor-top-section elementor-element elementor-element-29d480b elementor-hidden-desktop elementor-hidden-tablet elementor-section-boxed elementor-section-height-default elementor-section-height-default\" data-id=\"29d480b\" data-element_type=\"section\">\n\t\t\t\t\t\t<div class=\"elementor-container elementor-column-gap-default\">\n\t\t\t\t\t<div class=\"elementor-column elementor-col-100 elementor-top-column elementor-element elementor-element-14c58d4\" data-id=\"14c58d4\" data-element_type=\"column\">\n\t\t\t<div class=\"elementor-widget-wrap elementor-element-populated\">\n\t\t\t\t\t\t\t\t<div class=\"elementor-element elementor-element-de5ef4b elementor-widget elementor-widget-image\" data-id=\"de5ef4b\" data-element_type=\"widget\" data-widget_type=\"image.default\">\n\t\t\t\t<div class=\"elementor-widget-container\">\n\t\t\t\t\t\t\t\t\t\t\t\t\t\t\t<img loading=\"lazy\" decoding=\"async\" width=\"1024\" height=\"332\" src=\"https:\/\/bigbooks.de\/wp-content\/uploads\/2022\/09\/cropped-logo_final.gruen_-1024x332.png\" class=\"attachment-large size-large\" alt=\"\" srcset=\"https:\/\/bigbooks.de\/wp-content\/uploads\/2022\/09\/cropped-logo_final.gruen_-1024x332.png 1024w, https:\/\/bigbooks.de\/wp-content\/uploads\/2022\/09\/cropped-logo_final.gruen_-300x97.png 300w, https:\/\/bigbooks.de\/wp-content\/uploads\/2022\/09\/cropped-logo_final.gruen_-768x249.png 768w, https:\/\/bigbooks.de\/wp-content\/uploads\/2022\/09\/cropped-logo_final.gruen_-1536x497.png 1536w, https:\/\/bigbooks.de\/wp-content\/uploads\/2022\/09\/cropped-logo_final.gruen_.png 1757w\" sizes=\"auto, (max-width: 1024px) 100vw, 1024px\" \/>\t\t\t\t\t\t\t\t\t\t\t\t\t\t\t<\/div>\n\t\t\t\t<\/div>\n\t\t\t\t<div class=\"elementor-element elementor-element-f0fcc8d elementor-widget elementor-widget-heading\" data-id=\"f0fcc8d\" data-element_type=\"widget\" data-widget_type=\"heading.default\">\n\t\t\t\t<div class=\"elementor-widget-container\">\n\t\t\t<h1 class=\"elementor-heading-title elementor-size-default\">Herzlich Willkommen bei BIGBOOKS<\/h1>\t\t<\/div>\n\t\t\t\t<\/div>\n\t\t\t\t<div class=\"elementor-element elementor-element-84f7126 elementor-widget elementor-widget-text-editor\" data-id=\"84f7126\" data-element_type=\"widget\" data-widget_type=\"text-editor.default\">\n\t\t\t\t<div class=\"elementor-widget-container\">\n\t\t\t\t\t\t\tWir \u00fcberarbeiten derzeit unseren Kalendershop f\u00fcr Dich und freuen uns, wenn Du bald mal wieder vorbei schaust.\t\t\t\t\t\t<\/div>\n\t\t\t\t<\/div>\n\t\t\t\t<div class=\"elementor-element elementor-element-3bdfeed elementor-widget elementor-widget-text-editor\" data-id=\"3bdfeed\" data-element_type=\"widget\" data-widget_type=\"text-editor.default\">\n\t\t\t\t<div class=\"elementor-widget-container\">\n\t\t\t\t\t\t\tWenn Du nicht so lange warten m\u00f6chtest und gleich einen neuen Kalender brauchst, kann Du ihn <a href=\"https:\/\/www.ebay.de\/str\/tastingcenter\/Kalender-2023\/_i.html?store_cat=65419955013\" target=\"_blank\" rel=\"noopener\">hier<\/a> kaufen.\t\t\t\t\t\t<\/div>\n\t\t\t\t<\/div>\n\t\t\t\t<div class=\"elementor-element elementor-element-fbdeb83 elementor-widget elementor-widget-text-editor\" data-id=\"fbdeb83\" data-element_type=\"widget\" data-widget_type=\"text-editor.default\">\n\t\t\t\t<div class=\"elementor-widget-container\">\n\t\t\t\t\t\t\tBis bald.\t\t\t\t\t\t<\/div>\n\t\t\t\t<\/div>\n\t\t\t\t<div class=\"elementor-element elementor-element-accb1b8 elementor-widget elementor-widget-image\" data-id=\"accb1b8\" data-element_type=\"widget\" data-widget_type=\"image.default\">\n\t\t\t\t<div class=\"elementor-widget-container\">\n\t\t\t\t\t\t\t\t\t\t\t\t\t\t\t<img loading=\"lazy\" decoding=\"async\" width=\"1024\" height=\"187\" src=\"https:\/\/bigbooks.de\/wp-content\/uploads\/2022\/09\/bigbooks-1024x187.png\" class=\"attachment-large size-large\" alt=\"\" srcset=\"https:\/\/bigbooks.de\/wp-content\/uploads\/2022\/09\/bigbooks-1024x187.png 1024w, https:\/\/bigbooks.de\/wp-content\/uploads\/2022\/09\/bigbooks-300x55.png 300w, https:\/\/bigbooks.de\/wp-content\/uploads\/2022\/09\/bigbooks-768x140.png 768w, https:\/\/bigbooks.de\/wp-content\/uploads\/2022\/09\/bigbooks.png 1209w\" sizes=\"auto, (max-width: 1024px) 100vw, 1024px\" \/>\t\t\t\t\t\t\t\t\t\t\t\t\t\t\t<\/div>\n\t\t\t\t<\/div>\n\t\t\t\t\t<\/div>\n\t\t<\/div>\n\t\t\t\t\t\t\t<\/div>\n\t\t<\/section>\n\t\t\t\t\t\t\t<\/div>\n\t\t","protected":false},"excerpt":{"rendered":"<p>Herzlich Willkommen bei BIGBOOKS Wir \u00fcberarbeiten derzeit unseren Kalendershop f\u00fcr Dich und freuen uns, wenn Du bald mal wieder vorbei schaust. Wenn Du nicht so lange warten m\u00f6chtest und gleich einen neuen Kalender brauchst, kannst Du ihn hier kaufen. Bis bald. Herzlich Willkommen bei BIGBOOKS Wir \u00fcberarbeiten derzeit unseren Kalendershop f\u00fcr Dich und freuen uns, &hellip;<\/p>\n<p class=\"read-more\"> <a class=\"\" href=\"https:\/\/bigbooks.de\/\"> <span class=\"screen-reader-text\">Home<\/span> Weiterlesen &raquo;<\/a><\/p>\n","protected":false},"author":1,"featured_media":0,"parent":0,"menu_order":0,"comment_status":"closed","ping_status":"closed","template":"","meta":{"site-sidebar-layout":"default","site-content-layout":"default","ast-global-header-display":"","ast-main-header-display":"","ast-hfb-above-header-display":"","ast-hfb-below-header-display":"","ast-hfb-mobile-header-display":"","site-post-title":"disabled","ast-breadcrumbs-content":"","ast-featured-img":"","footer-sml-layout":"","theme-transparent-header-meta":"","adv-header-id-meta":"","stick-header-meta":"","header-above-stick-meta":"","header-main-stick-meta":"","header-below-stick-meta":"","footnotes":""},"class_list":["post-10","page","type-page","status-publish","hentry"],"_links":{"self":[{"href":"https:\/\/bigbooks.de\/index.php?rest_route=\/wp\/v2\/pages\/10","targetHints":{"allow":["GET"]}}],"collection":[{"href":"https:\/\/bigbooks.de\/index.php?rest_route=\/wp\/v2\/pages"}],"about":[{"href":"https:\/\/bigbooks.de\/index.php?rest_route=\/wp\/v2\/types\/page"}],"author":[{"embeddable":true,"href":"https:\/\/bigbooks.de\/index.php?rest_route=\/wp\/v2\/users\/1"}],"replies":[{"embeddable":true,"href":"https:\/\/bigbooks.de\/index.php?rest_route=%2Fwp%2Fv2%2Fcomments&post=10"}],"version-history":[{"count":65,"href":"https:\/\/bigbooks.de\/index.php?rest_route=\/wp\/v2\/pages\/10\/revisions"}],"predecessor-version":[{"id":113,"href":"https:\/\/bigbooks.de\/index.php?rest_route=\/wp\/v2\/pages\/10\/revisions\/113"}],"wp:attachment":[{"href":"https:\/\/bigbooks.de\/index.php?rest_route=%2Fwp%2Fv2%2Fmedia&parent=10"}],"curies":[{"name":"wp","href":"https:\/\/api.w.org\/{rel}","templated":true}]}}